{"id":94,"date":"2016-08-10T21:34:06","date_gmt":"2016-08-10T20:34:06","guid":{"rendered":"http:\/\/psy-nice-consulting.fr\/?page_id=94"},"modified":"2025-02-03T10:00:01","modified_gmt":"2025-02-03T09:00:01","slug":"presentation","status":"publish","type":"page","link":"https:\/\/psy-nice-consulting.fr\/?page_id=94","title":{"rendered":"Pr\u00e9sentation"},"content":{"rendered":"<p style=\"text-align: center;\"><strong>Parce que vous \u00eates unique, la r\u00e9ponse propos\u00e9e sera unique<\/strong><\/p>\n<p style=\"text-align: center;\"><strong>Prenez contact par mail ou par t\u00e9l\u00e9phone<\/strong><\/p>\n<p style=\"text-align: center;\"><strong><a href=\"mailto:yoanna.groslier@live.fr%20%20%20%20%20%20%20%20%20%20%20%20%20%20%20%20%2006.98.68\">yoanna.groslier@live.fr <\/a>\u00a0 06.98.68.69.86<\/strong><\/p>\n<p style=\"text-align: center;\"><strong>Prise de rendez-vous en ligne :\u00a0 \u00a0 <a href=\"https:\/\/www.doctolib.fr\/psychologue\/nice\/yoanna-groslier\">https:\/\/www.doctolib.fr\/psychologue\/nice\/yoanna-groslier<\/a><\/strong><\/p>\n<p>Depuis plus de vingt ans, j\u2019accompagne des hommes, des femmes, des adolescents, des enfants dans leur parcours de vie, que ce soit pour r\u00e9soudre une difficult\u00e9 passag\u00e8re avec un enfant, une probl\u00e9matique de couple, une impasse professionnelle, soutenir dans la maladie ou le deuil ou encore pour entamer une analyse personnelle.<\/p>\n<p>Ma pratique professionnelle est fond\u00e9e par le respect du code de d\u00e9ontologie des psychologues, ma formation initiale en psychologie et mes exp\u00e9riences professionnelles sont reconnues et enregistr\u00e9es aupr\u00e8s de l\u2019Agence R\u00e9gionale de Sant\u00e9 par le registre ADELI\/RPPS.<\/p>\n","protected":false},"excerpt":{"rendered":"<p>Parce que vous \u00eates unique, la r\u00e9ponse propos\u00e9e sera unique Prenez contact par mail ou par t\u00e9l\u00e9phone yoanna.groslier@live.fr \u00a0 06.98.68.69.86 Prise de rendez-vous en ligne :\u00a0 \u00a0 https:\/\/www.doctolib.fr\/psychologue\/nice\/yoanna-groslier Depuis plus de vingt ans, j\u2019accompagne des hommes, des femmes, des adolescents, des enfants dans leur parcours de vie, que ce soit pour r\u00e9soudre une difficult\u00e9 passag\u00e8re&hellip;<\/p>\n","protected":false},"author":1,"featured_media":11,"parent":0,"menu_order":0,"comment_status":"closed","ping_status":"closed","template":"","meta":{"footnotes":""},"_links":{"self":[{"href":"https:\/\/psy-nice-consulting.fr\/index.php?rest_route=\/wp\/v2\/pages\/94"}],"collection":[{"href":"https:\/\/psy-nice-consulting.fr\/index.php?rest_route=\/wp\/v2\/pages"}],"about":[{"href":"https:\/\/psy-nice-consulting.fr\/index.php?rest_route=\/wp\/v2\/types\/page"}],"author":[{"embeddable":true,"href":"https:\/\/psy-nice-consulting.fr\/index.php?rest_route=\/wp\/v2\/users\/1"}],"replies":[{"embeddable":true,"href":"https:\/\/psy-nice-consulting.fr\/index.php?rest_route=%2Fwp%2Fv2%2Fcomments&post=94"}],"version-history":[{"count":13,"href":"https:\/\/psy-nice-consulting.fr\/index.php?rest_route=\/wp\/v2\/pages\/94\/revisions"}],"predecessor-version":[{"id":350,"href":"https:\/\/psy-nice-consulting.fr\/index.php?rest_route=\/wp\/v2\/pages\/94\/revisions\/350"}],"wp:featuredmedia":[{"embeddable":true,"href":"https:\/\/psy-nice-consulting.fr\/index.php?rest_route=\/wp\/v2\/media\/11"}],"wp:attachment":[{"href":"https:\/\/psy-nice-consulting.fr\/index.php?rest_route=%2Fwp%2Fv2%2Fmedia&parent=94"}],"curies":[{"name":"wp","href":"https:\/\/api.w.org\/{rel}","templated":true}]}}