{"id":55,"date":"2016-07-16T21:40:51","date_gmt":"2016-07-16T20:40:51","guid":{"rendered":"http:\/\/psy-nice-consulting.fr\/?page_id=55"},"modified":"2025-07-08T20:09:27","modified_gmt":"2025-07-08T19:09:27","slug":"contact","status":"publish","type":"page","link":"https:\/\/psy-nice-consulting.fr\/?page_id=55","title":{"rendered":"Contact"},"content":{"rendered":"<p style=\"text-align: center;\"><strong>Consultation en cabinet<\/strong><\/p>\n<p style=\"text-align: center;\"><strong>Yoanna GROSLIER<\/strong><\/p>\n<p style=\"text-align: center;\"><strong>26 avenue Villermont<\/strong><\/p>\n<p style=\"text-align: center;\"><strong>06000 Nice<\/strong><\/p>\n<p style=\"text-align: center;\"><b>Proximit\u00e9 arr\u00eat Tramway ligne 1 Lib\u00e9ration<\/b><\/p>\n<p><strong>Prendre rendez-vous &#8211; Poser une question<\/strong><\/p>\n<p><strong>06.98.68.69.86<\/strong><\/p>\n<p><strong>yoanna.groslier@live.fr<\/strong><\/p>\n","protected":false},"excerpt":{"rendered":"<p>Consultation en cabinet Yoanna GROSLIER 26 avenue Villermont 06000 Nice Proximit\u00e9 arr\u00eat Tramway ligne 1 Lib\u00e9ration Prendre rendez-vous &#8211; Poser une question 06.98.68.69.86 yoanna.groslier@live.fr<\/p>\n","protected":false},"author":1,"featured_media":360,"parent":0,"menu_order":1,"comment_status":"closed","ping_status":"closed","template":"","meta":{"footnotes":""},"_links":{"self":[{"href":"https:\/\/psy-nice-consulting.fr\/index.php?rest_route=\/wp\/v2\/pages\/55"}],"collection":[{"href":"https:\/\/psy-nice-consulting.fr\/index.php?rest_route=\/wp\/v2\/pages"}],"about":[{"href":"https:\/\/psy-nice-consulting.fr\/index.php?rest_route=\/wp\/v2\/types\/page"}],"author":[{"embeddable":true,"href":"https:\/\/psy-nice-consulting.fr\/index.php?rest_route=\/wp\/v2\/users\/1"}],"replies":[{"embeddable":true,"href":"https:\/\/psy-nice-consulting.fr\/index.php?rest_route=%2Fwp%2Fv2%2Fcomments&post=55"}],"version-history":[{"count":7,"href":"https:\/\/psy-nice-consulting.fr\/index.php?rest_route=\/wp\/v2\/pages\/55\/revisions"}],"predecessor-version":[{"id":372,"href":"https:\/\/psy-nice-consulting.fr\/index.php?rest_route=\/wp\/v2\/pages\/55\/revisions\/372"}],"wp:featuredmedia":[{"embeddable":true,"href":"https:\/\/psy-nice-consulting.fr\/index.php?rest_route=\/wp\/v2\/media\/360"}],"wp:attachment":[{"href":"https:\/\/psy-nice-consulting.fr\/index.php?rest_route=%2Fwp%2Fv2%2Fmedia&parent=55"}],"curies":[{"name":"wp","href":"https:\/\/api.w.org\/{rel}","templated":true}]}}