{"id":2,"date":"2016-07-02T13:56:18","date_gmt":"2016-07-02T12:56:18","guid":{"rendered":"http:\/\/psy-nice-consulting.fr\/?page_id=2"},"modified":"2025-04-27T20:43:08","modified_gmt":"2025-04-27T19:43:08","slug":"page-d-exemple","status":"publish","type":"page","link":"https:\/\/psy-nice-consulting.fr\/?page_id=2","title":{"rendered":"A propos de &#8230;"},"content":{"rendered":"<p>Psychologue dipl\u00f4m\u00e9e depuis 2001, j\u2019ai obtenu un Master 2 Soci\u00e9t\u00e9s et Multicultures \u00e0 l\u2019Universit\u00e9 Picardie Jules Verne, en 2003 un Master 2 Psychologie Interculturelle, Clinique, Sociale \u00e0 l\u2019Universit\u00e9 Toulouse Le Mirail.<\/p>\n<p>Dans le cadre professionnel, j\u2019ai suivi de nombreuses formations, notamment analyses des pratiques et supervisions, lutte contre les discriminations et gestion de la violence.<\/p>\n<p>Depuis 2025, je suis adh\u00e9rente aupr\u00e8s de l&#8217;Association Digesteam, r\u00e9seau de professionnels lib\u00e9raux, qui accompagne les patients touch\u00e9s par des maladies digestives chroniques.<\/p>\n<p>En septembre 2022, j&#8217;ai suivi une formation &#8220;Evaluation du potentiel suicidaire et orientation&#8221;, organis\u00e9e par le Codes06 et valid\u00e9e par le GEPS ( Groupement d&#8217;Etudes et de Pr\u00e9vention du Suicide ).<\/p>\n<p>Depuis 2019, je suis formatrice en prestation de service pour HETIS, Haute Ecole du Travail et de l&#8217;Intervention Sociale de Nice. Je cr\u00e9\u00e9 des supports de cours dans diverses domaines de la psychologie, j&#8217;anime des Analyses de Pratiques Professionnelles pour des \u00e9tudiants et pour des professionnels du secteurs Sanitaires et Sociales.<\/p>\n<p>En 2019, j&#8217;ai valid\u00e9 un Dipl\u00f4me Universitaire en Psychotraumatologie avec l&#8217;Universit\u00e9 de Nice Sophia Antipolis pour compl\u00e9ter la formation suivi en 2017. Ces comp\u00e9tences me permet d&#8217;apporter une r\u00e9ponse et une aide adapt\u00e9e aux personnes ayant v\u00e9cus des \u00e9v\u00e9nements traumatiques.<\/p>\n<p>Cette m\u00eame ann\u00e9e j&#8217;ai suivi une formation en Education Th\u00e9rapeutique du Patient &#8211; ETP, il s&#8217;agit d&#8217;un accompagnement bienveillante \u00e0 la prise en charge m\u00e9dicale des patients souffrant des pathologies chroniques.<\/p>\n<p>En 2016, j\u2019ai valid\u00e9 un Dipl\u00f4me Universitaire en Di\u00e9t\u00e9tique et Nutrition Humaine par le CHU de Nice et une formation sur la prise en charge de l\u2019ob\u00e9sit\u00e9 en p\u00e9diatrie organis\u00e9e par le CERON.<\/p>\n<p>En 2016, j&#8217;ai valid\u00e9 le 1er niveau de formation sur les Troubles du Comportement Alimentaire anim\u00e9 par Anvisage, organisme de formation, en lien avec l\u2019Association Autrement.<\/p>\n<p>Adh\u00e9rente \u00e0 l&#8217;Association Autrement, pour un autre regard sur le poids : anorexie, boulimie, compulsions.<\/p>\n<p>Mon parcours professionnel est riche et diversifi\u00e9, j\u2019ai d\u00e9but\u00e9 en qualit\u00e9 de psychologue conseill\u00e8re d\u2019orientation pour l\u2019\u00c9ducation nationale, puis j\u2019ai travaill\u00e9 dans l\u2019insertion des jeunes suivis par les Missions locales, puis des b\u00e9n\u00e9ficiaires des minima sociaux suivis par le P\u00f4le Emploi.<\/p>\n<p>Par la suite, j\u2019ai accompagn\u00e9 des enfants et des parents en rencontres m\u00e9diatis\u00e9es.<\/p>\n<p>Durant neufs ann\u00e9es, je suis intervenue dans deux \u00e9tablissements d\u2019accueil de la Petite Enfance pour la Ville de Nice, ce qui m&#8217;a permis de d\u00e9velopper une approche sp\u00e9cifique de l&#8217;enfant et de sa famille, de l&#8217;accueil du tout petit, au d\u00e9veloppement des comp\u00e9tences parentales.<\/p>\n<p style=\"text-align: center;\"><strong><em>Je vous propose une rencontre bienveillante et empathique.<\/em><\/strong><\/p>\n<p style=\"text-align: center;\"><strong><em>C\u2019est par une \u00e9coute active et un retour objectif que je vous propose un accompagnement.<\/em><\/strong><\/p>\n<p>Ce temps peut \u00eatre court, <strong>quelques s\u00e9ances<\/strong>, c\u2019est ce que l\u2019on nomme <strong>th\u00e9rapie br\u00e8ve<\/strong> et apporter une r\u00e9ponse dans l<strong>\u2019imm\u00e9diatet\u00e9 <\/strong>\u00e0 un probl\u00e8me concret.<\/p>\n<p>Cet accompagnement peut \u00eatre plus long sur une <strong>p\u00e9riode non d\u00e9finie dans le temps<\/strong>. Le travail psychologique engag\u00e9 est alors beaucoup plus intense, permet <strong>une r\u00e9flexion en profondeur<\/strong> de la constitution de votre fonctionnement psychique \u2013 autrement dit ce qui fait que vous \u00eates vous.<\/p>\n<p style=\"text-align: center;\"><strong><em>En prenant contact, nous pourrons \u00e9changer en toute simplicit\u00e9 et convenir de quel type d\u2019accompagnement vous avez besoin<\/em><\/strong>.<\/p>\n","protected":false},"excerpt":{"rendered":"<p>Psychologue dipl\u00f4m\u00e9e depuis 2001, j\u2019ai obtenu un Master 2 Soci\u00e9t\u00e9s et Multicultures \u00e0 l\u2019Universit\u00e9 Picardie Jules Verne, en 2003 un Master 2 Psychologie Interculturelle, Clinique, Sociale \u00e0 l\u2019Universit\u00e9 Toulouse Le Mirail. Dans le cadre professionnel, j\u2019ai suivi de nombreuses formations, notamment analyses des pratiques et supervisions, lutte contre les discriminations et gestion de la violence.&hellip;<\/p>\n","protected":false},"author":1,"featured_media":20,"parent":0,"menu_order":1,"comment_status":"closed","ping_status":"closed","template":"","meta":{"footnotes":""},"_links":{"self":[{"href":"https:\/\/psy-nice-consulting.fr\/index.php?rest_route=\/wp\/v2\/pages\/2"}],"collection":[{"href":"https:\/\/psy-nice-consulting.fr\/index.php?rest_route=\/wp\/v2\/pages"}],"about":[{"href":"https:\/\/psy-nice-consulting.fr\/index.php?rest_route=\/wp\/v2\/types\/page"}],"author":[{"embeddable":true,"href":"https:\/\/psy-nice-consulting.fr\/index.php?rest_route=\/wp\/v2\/users\/1"}],"replies":[{"embeddable":true,"href":"https:\/\/psy-nice-consulting.fr\/index.php?rest_route=%2Fwp%2Fv2%2Fcomments&post=2"}],"version-history":[{"count":11,"href":"https:\/\/psy-nice-consulting.fr\/index.php?rest_route=\/wp\/v2\/pages\/2\/revisions"}],"predecessor-version":[{"id":365,"href":"https:\/\/psy-nice-consulting.fr\/index.php?rest_route=\/wp\/v2\/pages\/2\/revisions\/365"}],"wp:featuredmedia":[{"embeddable":true,"href":"https:\/\/psy-nice-consulting.fr\/index.php?rest_route=\/wp\/v2\/media\/20"}],"wp:attachment":[{"href":"https:\/\/psy-nice-consulting.fr\/index.php?rest_route=%2Fwp%2Fv2%2Fmedia&parent=2"}],"curies":[{"name":"wp","href":"https:\/\/api.w.org\/{rel}","templated":true}]}}